{"id":1255,"date":"2025-02-05T11:38:27","date_gmt":"2025-02-05T16:38:27","guid":{"rendered":"https:\/\/eefabecanada.org\/?page_id=1255"},"modified":"2025-09-16T16:56:47","modified_gmt":"2025-09-16T20:56:47","slug":"take-action","status":"publish","type":"page","link":"https:\/\/eefabecanada.org\/fr\/take-action\/","title":{"rendered":"Agir"},"content":{"rendered":"<div class=\"wp-block-uagb-container uagb-block-b2ce7f33 alignfull uagb-is-root-container\"><div class=\"uagb-container-inner-blocks-wrap\">\n<div class=\"wp-block-uagb-advanced-heading uagb-block-e78407e0\"><h1 class=\"uagb-heading-text\">S\u2019impliquer<\/h1><\/div>\n<\/div><\/div>\n\n\n\n<div class=\"wp-block-uagb-container uagb-block-f7438a10 alignfull uagb-is-root-container\"><div class=\"uagb-container-inner-blocks-wrap\">\n<div class=\"wp-block-uagb-container uagb-block-899036e1\">\n<div class=\"wp-block-uagb-image uagb-block-273bd907 wp-block-uagb-image--layout-default wp-block-uagb-image--effect-static wp-block-uagb-image--align-none\"><figure class=\"wp-block-uagb-image__figure\"><img loading=\"lazy\" decoding=\"async\" srcset=\"https:\/\/eefabecanada.org\/wp-content\/uploads\/2025\/05\/hyj.jpg ,https:\/\/eefabecanada.org\/wp-content\/uploads\/2025\/05\/hyj.jpg 780w, https:\/\/eefabecanada.org\/wp-content\/uploads\/2025\/05\/hyj.jpg 360w\" sizes=\"auto, (max-width: 480px) 150px\" src=\"https:\/\/eefabecanada.org\/wp-content\/uploads\/2025\/05\/hyj.jpg\" alt=\"\" class=\"uag-image-1810\" width=\"357\" height=\"346\" title=\"hyj\" role=\"img\"\/><\/figure><\/div>\n\n\n\n<div class=\"wp-block-uagb-info-box uagb-block-af18bafd uagb-infobox__content-wrap  uagb-infobox-icon-above-title uagb-infobox-image-valign-top\"><div class=\"uagb-ifb-content\"><div class=\"uagb-ifb-icon-wrap\"><svg xmlns=\"https:\/\/www.w3.org\/2000\/svg\" viewbox=\"0 0 512 512\"><path d=\"M0 256C0 114.6 114.6 0 256 0C397.4 0 512 114.6 512 256C512 397.4 397.4 512 256 512C114.6 512 0 397.4 0 256zM371.8 211.8C382.7 200.9 382.7 183.1 371.8 172.2C360.9 161.3 343.1 161.3 332.2 172.2L224 280.4L179.8 236.2C168.9 225.3 151.1 225.3 140.2 236.2C129.3 247.1 129.3 264.9 140.2 275.8L204.2 339.8C215.1 350.7 232.9 350.7 243.8 339.8L371.8 211.8z\"><\/path><\/svg><\/div><div class=\"uagb-ifb-title-wrap\"><h3 class=\"uagb-ifb-title\">Faites du b\u00e9n\u00e9volat avec nous<\/h3><\/div><p class=\"uagb-ifb-desc\">\u00cates\u2011vous anim\u00e9 par la volont\u00e9 de prot\u00e9ger l\u2019environnement et de combattre les changements climatiques? Voulez\u2011vous contribuer concr\u00e8tement \u00e0 votre communaut\u00e9 et inciter les autres \u00e0 agir?<br><br>Chez EEFABE Canada, nous croyons que les petites actions m\u00e8nent \u00e0 de grands changements. En tant que b\u00e9n\u00e9vole, vous ferez partie d\u2019un mouvement d\u00e9di\u00e9 \u00e0 la durabilit\u00e9 environnementale, \u00e0 l\u2019\u00e9ducation climatique et \u00e0 l\u2019engagement communautaire. Que vous plantiez des arbres, am\u00e9nagiez des jardins, animiez des ateliers sur le climat, organisiez des nettoyages ou d\u00e9fendiez des politiques plus vertes, vos efforts contribueront \u00e0 b\u00e2tir une plan\u00e8te plus saine pour les g\u00e9n\u00e9rations futures.<br><\/p><div class=\"uagb-ifb-button-wrapper wp-block-button\"><a href=\"\/fr\/volunteer-with-us\/\" class=\"uagb-infobox-cta-link wp-block-button__link\" target=\"_self\" rel=\"noopener noreferrer\" onclick=\"return true;\"><span class=\"uagb-inline-editing\">Rejoignez\u2011nous comme b\u00e9n\u00e9vole<\/span><\/a><\/div><\/div><\/div>\n<\/div>\n\n\n\n<div class=\"wp-block-uagb-container uagb-block-2d70bd8d\">\n<div class=\"wp-block-uagb-image uagb-block-6c4733f2 wp-block-uagb-image--layout-default wp-block-uagb-image--effect-static wp-block-uagb-image--align-none\"><figure class=\"wp-block-uagb-image__figure\"><img loading=\"lazy\" decoding=\"async\" srcset=\"https:\/\/eefabecanada.org\/wp-content\/uploads\/2025\/05\/fin-spons.jpg ,https:\/\/eefabecanada.org\/wp-content\/uploads\/2025\/05\/fin-spons.jpg 780w, https:\/\/eefabecanada.org\/wp-content\/uploads\/2025\/05\/fin-spons.jpg 360w\" sizes=\"auto, (max-width: 480px) 150px\" src=\"https:\/\/eefabecanada.org\/wp-content\/uploads\/2025\/05\/fin-spons.jpg\" alt=\"\" class=\"uag-image-1737\" width=\"378\" height=\"408\" title=\"fin spons\" role=\"img\"\/><\/figure><\/div>\n\n\n\n<div class=\"wp-block-uagb-info-box uagb-block-788f4616 uagb-infobox__content-wrap  uagb-infobox-icon-above-title uagb-infobox-image-valign-top\"><div class=\"uagb-ifb-content\"><div class=\"uagb-ifb-icon-wrap\"><svg xmlns=\"https:\/\/www.w3.org\/2000\/svg\" viewbox=\"0 0 512 512\"><path d=\"M0 256C0 114.6 114.6 0 256 0C397.4 0 512 114.6 512 256C512 397.4 397.4 512 256 512C114.6 512 0 397.4 0 256zM371.8 211.8C382.7 200.9 382.7 183.1 371.8 172.2C360.9 161.3 343.1 161.3 332.2 172.2L224 280.4L179.8 236.2C168.9 225.3 151.1 225.3 140.2 236.2C129.3 247.1 129.3 264.9 140.2 275.8L204.2 339.8C215.1 350.7 232.9 350.7 243.8 339.8L371.8 211.8z\"><\/path><\/svg><\/div><div class=\"uagb-ifb-title-wrap\"><h3 class=\"uagb-ifb-title\">Faire un don<\/h3><\/div><p class=\"uagb-ifb-desc\">Rejoignez\u2011nous pour prot\u00e9ger notre plan\u00e8te et cr\u00e9er un avenir durable pour les g\u00e9n\u00e9rations \u00e0 venir. Votre don soutient directement des initiatives qui luttent contre les changements climatiques, restaurent les \u00e9cosyst\u00e8mes et favorisent la sensibilisation environnementale. Ensemble, nous pouvons mener des actions concr\u00e8tes pour r\u00e9duire l\u2019empreinte carbone, pr\u00e9server les ressources naturelles et renforcer les communaut\u00e9s partout dans le monde. Chaque contribution, quelle que soit sa taille, fait la diff\u00e9rence. Faites un pas vers le changement d\u00e8s aujourd\u2019hui. Donnez maintenant et devenez acteur de la solution!<\/p><div class=\"uagb-ifb-button-wrapper wp-block-button\"><a href=\"https:\/\/www.zeffy.com\/fr-CA\/donation-form\/donate-to-eefabe-canada\" class=\"uagb-infobox-cta-link wp-block-button__link\" target=\"_self\" rel=\"noopener noreferrer\" onclick=\"return true;\"><span class=\"uagb-inline-editing\">Faire un don<\/span><\/a><\/div><\/div><\/div>\n<\/div>\n\n\n\n<div class=\"wp-block-uagb-container uagb-block-2a3ec44f\">\n<div class=\"wp-block-uagb-image uagb-block-50298068 wp-block-uagb-image--layout-default wp-block-uagb-image--effect-static wp-block-uagb-image--align-none\"><figure class=\"wp-block-uagb-image__figure\"><img loading=\"lazy\" decoding=\"async\" srcset=\"https:\/\/eefabecanada.org\/wp-content\/uploads\/2025\/05\/financial-spo.jpg ,https:\/\/eefabecanada.org\/wp-content\/uploads\/2025\/05\/financial-spo.jpg 780w, https:\/\/eefabecanada.org\/wp-content\/uploads\/2025\/05\/financial-spo.jpg 360w\" sizes=\"auto, (max-width: 480px) 150px\" src=\"https:\/\/eefabecanada.org\/wp-content\/uploads\/2025\/05\/financial-spo.jpg\" alt=\"\" class=\"uag-image-1738\" width=\"359\" height=\"387\" title=\"financial spo\" role=\"img\"\/><\/figure><\/div>\n\n\n\n<div class=\"wp-block-uagb-info-box uagb-block-5a0caca5 uagb-infobox__content-wrap  uagb-infobox-icon-above-title uagb-infobox-image-valign-top\"><div class=\"uagb-ifb-content\"><div class=\"uagb-ifb-icon-wrap\"><svg xmlns=\"https:\/\/www.w3.org\/2000\/svg\" viewbox=\"0 0 512 512\"><path d=\"M0 256C0 114.6 114.6 0 256 0C397.4 0 512 114.6 512 256C512 397.4 397.4 512 256 512C114.6 512 0 397.4 0 256zM371.8 211.8C382.7 200.9 382.7 183.1 371.8 172.2C360.9 161.3 343.1 161.3 332.2 172.2L224 280.4L179.8 236.2C168.9 225.3 151.1 225.3 140.2 236.2C129.3 247.1 129.3 264.9 140.2 275.8L204.2 339.8C215.1 350.7 232.9 350.7 243.8 339.8L371.8 211.8z\"><\/path><\/svg><\/div><div class=\"uagb-ifb-title-wrap\"><h3 class=\"uagb-ifb-title\">DEVENEZ PARTENAIRE<\/h3><\/div><p class=\"uagb-ifb-desc\">Chez EEFABE Canada, nous avons pour mission de lutter contre les changements climatiques, la d\u00e9gradation de l\u2019environnement et la pollution gr\u00e2ce \u00e0 l\u2019\u00e9ducation, au plaidoyer et \u00e0 des solutions ax\u00e9es sur la communaut\u00e9. Mais nous ne pouvons pas y parvenir seuls. <br>Nous avons besoin de VOUS<br>En devenant commanditaire, vous nous aidez \u00e0 accro\u00eetre notre impact en autonomisant les jeunes, en am\u00e9nageant des espaces verts et en cr\u00e9ant des solutions durables qui profitent \u00e0 la fois aux personnes et \u00e0 la plan\u00e8te. Votre soutien alimente un v\u00e9ritable changement, garantissant que les g\u00e9n\u00e9rations futures h\u00e9ritent d\u2019un monde plus propre et plus vert.<br><br><br><br><\/p><div class=\"uagb-ifb-button-wrapper wp-block-button\"><a href=\"\/fr\/become-a-sponsor\/\" class=\"uagb-infobox-cta-link wp-block-button__link\" target=\"_self\" rel=\"noopener noreferrer\" onclick=\"return true;\"><span class=\"uagb-inline-editing\">Devenez partenaire d\u00e8s aujourd\u2019hui<\/span><\/a><\/div><\/div><\/div>\n<\/div>\n<\/div><\/div>\n\n\n\n<p><\/p>","protected":false},"excerpt":{"rendered":"<p>S\u2019impliquer<\/p>","protected":false},"author":1,"featured_media":0,"parent":0,"menu_order":0,"comment_status":"closed","ping_status":"closed","template":"","meta":{"_uag_custom_page_level_css":"","site-sidebar-layout":"default","site-content-layout":"","ast-site-content-layout":"default","site-content-style":"default","site-sidebar-style":"default","ast-global-header-display":"","ast-banner-title-visibility":"","ast-main-header-display":"","ast-hfb-above-header-display":"","ast-hfb-below-header-display":"","ast-hfb-mobile-header-display":"","site-post-title":"disabled","ast-breadcrumbs-content":"","ast-featured-img":"","footer-sml-layout":"","ast-disable-related-posts":"","theme-transparent-header-meta":"","adv-header-id-meta":"","stick-header-meta":"","header-above-stick-meta":"","header-main-stick-meta":"","header-below-stick-meta":"","astra-migrate-meta-layouts":"set","ast-page-background-enabled":"default","ast-page-background-meta":{"desktop":{"background-color":"","background-image":"","background-repeat":"repeat","background-position":"center center","background-size":"auto","background-attachment":"scroll","background-type":"","background-media":"","overlay-type":"","overlay-color":"","overlay-opacity":"","overlay-gradient":""},"tablet":{"background-color":"","background-image":"","background-repeat":"repeat","background-position":"center center","background-size":"auto","background-attachment":"scroll","background-type":"","background-media":"","overlay-type":"","overlay-color":"","overlay-opacity":"","overlay-gradient":""},"mobile":{"background-color":"","background-image":"","background-repeat":"repeat","background-position":"center center","background-size":"auto","background-attachment":"scroll","background-type":"","background-media":"","overlay-type":"","overlay-color":"","overlay-opacity":"","overlay-gradient":""}},"ast-content-background-meta":{"desktop":{"background-color":"var(--ast-global-color-5)","background-image":"","background-repeat":"repeat","background-position":"center center","background-size":"auto","background-attachment":"scroll","background-type":"","background-media":"","overlay-type":"","overlay-color":"","overlay-opacity":"","overlay-gradient":""},"tablet":{"background-color":"var(--ast-global-color-5)","background-image":"","background-repeat":"repeat","background-position":"center center","background-size":"auto","background-attachment":"scroll","background-type":"","background-media":"","overlay-type":"","overlay-color":"","overlay-opacity":"","overlay-gradient":""},"mobile":{"background-color":"var(--ast-global-color-5)","background-image":"","background-repeat":"repeat","background-position":"center center","background-size":"auto","background-attachment":"scroll","background-type":"","background-media":"","overlay-type":"","overlay-color":"","overlay-opacity":"","overlay-gradient":""}},"_price":"","_stock":"","_tribe_ticket_header":"","_tribe_default_ticket_provider":"","_tribe_ticket_capacity":"0","_ticket_start_date":"","_ticket_end_date":"","_tribe_ticket_show_description":"","_tribe_ticket_show_not_going":false,"_tribe_ticket_use_global_stock":"","_tribe_ticket_global_stock_level":"","_global_stock_mode":"","_global_stock_cap":"","_tribe_rsvp_for_event":"","_tribe_ticket_going_count":"","_tribe_ticket_not_going_count":"","_tribe_tickets_list":"[]","_tribe_ticket_has_attendee_info_fields":false,"_themeisle_gutenberg_block_has_review":false,"footnotes":"","_tec_slr_enabled":"","_tec_slr_layout":""},"class_list":["post-1255","page","type-page","status-publish","hentry"],"uagb_featured_image_src":{"full":false,"thumbnail":false,"medium":false,"medium_large":false,"large":false,"1536x1536":false,"2048x2048":false,"trp-custom-language-flag":false},"uagb_author_info":{"display_name":"Ulrich Stephane Tamo","author_link":"https:\/\/eefabecanada.org\/fr\/author\/stephanetamo6gmail-com\/"},"uagb_comment_info":0,"uagb_excerpt":"Get Involved","ticketed":false,"_links":{"self":[{"href":"https:\/\/eefabecanada.org\/fr\/wp-json\/wp\/v2\/pages\/1255","targetHints":{"allow":["GET"]}}],"collection":[{"href":"https:\/\/eefabecanada.org\/fr\/wp-json\/wp\/v2\/pages"}],"about":[{"href":"https:\/\/eefabecanada.org\/fr\/wp-json\/wp\/v2\/types\/page"}],"author":[{"embeddable":true,"href":"https:\/\/eefabecanada.org\/fr\/wp-json\/wp\/v2\/users\/1"}],"replies":[{"embeddable":true,"href":"https:\/\/eefabecanada.org\/fr\/wp-json\/wp\/v2\/comments?post=1255"}],"version-history":[{"count":11,"href":"https:\/\/eefabecanada.org\/fr\/wp-json\/wp\/v2\/pages\/1255\/revisions"}],"predecessor-version":[{"id":2095,"href":"https:\/\/eefabecanada.org\/fr\/wp-json\/wp\/v2\/pages\/1255\/revisions\/2095"}],"wp:attachment":[{"href":"https:\/\/eefabecanada.org\/fr\/wp-json\/wp\/v2\/media?parent=1255"}],"curies":[{"name":"wp","href":"https:\/\/api.w.org\/{rel}","templated":true}]}}